{"id":252,"date":"2022-02-25T10:01:06","date_gmt":"2022-02-25T13:01:06","guid":{"rendered":"https:\/\/perfaceacademy.com\/?page_id=252"},"modified":"2022-02-25T10:08:12","modified_gmt":"2022-02-25T13:08:12","slug":"politicas-de-privacidade","status":"publish","type":"page","link":"https:\/\/perfaceacademy.com\/es\/politicas-de-privacidade\/","title":{"rendered":"Pol\u00edtica de privacidad"},"content":{"rendered":"<h2 class=\"wp-block-heading\">1. Prop\u00f3sito<\/h2>\n\n\n\n<p>Nosotros, en Perface Academy Curso Ltda., lo valoramos a usted y a sus datos personales y m\u00e1s que eso, reconocemos la importancia de su privacidad. En este sentido, tomamos algunas siguiendo la Ley General de Protecci\u00f3n de Datos Personales (LGPD) y, en este documento, demostramos c\u00f3mo tratamos y protegemos sus datos.<\/p>\n\n\n\n<p>Que comprenda c\u00f3mo recopilamos, usamos y compartimos sus datos personales, ya que respetamos su privacidad y queremos que est\u00e9 tranquilo mientras usa nuestros servicios.<\/p>\n\n\n\n<p>Sabemos que nos est\u00e1 confiando su informaci\u00f3n y eso es una gran responsabilidad. \u00a1Trabajamos duro para protegerlos y mantenerlo en control!<\/p>\n\n\n\n<h2 class=\"wp-block-heading\">2. Qui\u00e9nes somos<\/h2>\n\n\n\n<p>Estamos establecidos en SBIS QI 11 Bloco G Loja 7, Brasilia, DF, CEP 71.625-560., y somos una empresa registrada bajo el n\u00famero CNPJ 40.112.867\/0001-53, actuando como controlador en el procesamiento de sus datos personales.<\/p>\n\n\n\n<p>Nuestro Oficial de Datos (DPO) es responsable de recibir solicitudes de los interesados \u200b\u200b(usted), proporcionar aclaraciones y tomar medidas con respecto a la protecci\u00f3n de datos y puede ser contactado en contactus@perfaceacademy.com<\/p>\n\n\n\n<h2 class=\"wp-block-heading\">3. \u00bfQu\u00e9 datos recopilamos y por qu\u00e9?<\/h2>\n\n\n\n<p>\u200bTratamos sus datos personales de acuerdo con las bases legales previstas en la LGPD y conservamos sus datos durante el per\u00edodo necesario para lograr la(s) finalidad(es) especificada(s) en este Aviso.<\/p>\n\n\n\n<p>Los siguientes son datos personales, finalidades y bases legales:<\/p>\n\n\n\n<p><strong>Datos personales<\/strong><\/p>\n\n\n\n<p>Nombre, n\u00famero de tel\u00e9fono con WhatsApp y correo electr\u00f3nico.<\/p>\n\n\n\n<p><strong>Meta<\/strong><\/p>\n\n\n\n<p>Informar sobre los productos y servicios de la empresa; Promocionar eventos y realizar acciones de marketing, as\u00ed como ayudarte a concretar tu compra.<\/p>\n\n\n\n<p><strong>Base jur\u00eddica<\/strong><\/p>\n\n\n\n<p>Ejecuci\u00f3n de un contrato o tr\u00e1mites previos relacionados con el contrato, a instancia del titular o inter\u00e9s leg\u00edtimo, seg\u00fan el caso.<\/p>\n\n\n\n<p>Tenga en cuenta que si ha dado su consentimiento para recibir nuestras comunicaciones de marketing, puede revocar este consentimiento en cualquier momento.<\/p>\n\n\n\n<h2 class=\"wp-block-heading\">4. \u00bfC\u00f3mo recopilamos sus datos personales?<\/h2>\n\n\n\n<p>Sus datos personales son informados directamente por usted o indirectamente a trav\u00e9s del uso de un sistema, plataforma o aplicaci\u00f3n de un socio.<\/p>\n\n\n\n<h2 class=\"wp-block-heading\">5. \u00bfCu\u00e1nto tiempo se almacenar\u00e1n sus datos personales?<\/h2>\n\n\n\n<p class=\"translation-block\">Sus datos personales solo se conservar\u00e1n con nosotros si tenemos una base legal v\u00e1lida que justifique su almacenamiento.\nLos datos utilizados para marketing se conservar\u00e1n hasta que nos solicites (\u201cdarte de baja\u201d) que dejemos de recibir m\u00e1s informaci\u00f3n sobre nuestros cursos.<\/p>\n\n\n\n<h2 class=\"wp-block-heading\">6. \u00bfCu\u00e1les son sus derechos y c\u00f3mo puede ejercerlos?<\/h2>\n\n\n\n<p class=\"translation-block\">Tiene derecho a obtener, en relaci\u00f3n con los datos que tratamos sobre usted, en cualquier momento y previa solicitud:\nConfirmaci\u00f3n de la existencia del tratamiento;<\/p>\n\n\n\n<p>Acceso a los datos;<\/p>\n\n\n\n<p>Rectificaci\u00f3n de datos incompletos, inexactos o desactualizados;<\/p>\n\n\n\n<p>Anonimizaci\u00f3n, bloqueo o eliminaci\u00f3n de datos innecesarios, excesivos o tratados en violaci\u00f3n de las disposiciones de la Ley N\u00b0 13.709\/2018 (LGPD);<\/p>\n\n\n\n<p>Portabilidad de datos a otro proveedor de servicios o productos, previa solicitud expresa, de conformidad con las normas de la autoridad nacional, observando secretos comerciales e industriales;<\/p>\n\n\n\n<p>Eliminaci\u00f3n de los datos personales tratados con el consentimiento del titular, salvo en los casos previstos en el art. 16 de la LGPD;<\/p>\n\n\n\n<p>Informaci\u00f3n de entidades p\u00fablicas y privadas con las que el controlador realiz\u00f3 uso compartido de datos;<\/p>\n\n\n\n<p>Informaci\u00f3n sobre la posibilidad de no dar el consentimiento y las consecuencias de la negativa;<\/p>\n\n\n\n<p>Revocaci\u00f3n del consentimiento, de conformidad con el \u00a7 5 del art. 8 de la LGPD;<\/p>\n\n\n\n<p>Derecho de petici\u00f3n en relaci\u00f3n con sus datos frente al responsable del tratamiento ante la autoridad nacional.<\/p>\n\n\n\n<p class=\"translation-block\">Para ejercer sus derechos, deber\u00e1 enviar un correo electr\u00f3nico a la siguiente direcci\u00f3n de correo electr\u00f3nico de nuestro responsable del tratamiento (DPO) indicado en el punto 2 de este aviso, que contenga la siguiente informaci\u00f3n:\nNombre completo;<\/p>\n\n\n\n<p>N\u00famero de CPF;<\/p>\n\n\n\n<p>Derecho que quiere ejercer y sobre qu\u00e9 datos.<\/p>\n\n\n\n<p>Siempre nos esforzamos por responder lo m\u00e1s r\u00e1pido posible. Sin embargo, su solicitud no siempre podr\u00e1 ser atendida, ya que no resulta aplicable de conformidad con las disposiciones legales. De ser as\u00ed, ser\u00e1 debidamente justificado, con base en la legislaci\u00f3n.<\/p>\n\n\n\n<h2 class=\"wp-block-heading\">7. \u00bfCon qui\u00e9n compartimos sus datos personales?<\/h2>\n\n\n\n<p class=\"translation-block\">Solo compartimos sus datos personales para los fines especificados en este Aviso o cuando lo exija la ley.\nSus datos ser\u00e1n compartidos con sistemas, plataformas y\/o aplicaciones necesarias para el desarrollo de nuestras actividades y de acuerdo con la finalidad de cada tratamiento de datos personales.\nEn el caso de autorizaci\u00f3n para incluir su n\u00famero de tel\u00e9fono en un grupo en la aplicaci\u00f3n WhatsApp, se establece y aclara expresamente que dicha aplicaci\u00f3n (\"WhatsApp\") es controlada por Facebook Servi\u00e7os Online do Brasil LTDA., y es una caracter\u00edstica intr\u00ednseca de dicha aplicaci\u00f3n. aplicaci\u00f3n que, a partir de la inclusi\u00f3n de un n\u00famero de tel\u00e9fono en un grupo de mensajes, el n\u00famero de tel\u00e9fono y la identificaci\u00f3n personal (nombre y fotograf\u00eda) utilizados por el usuario en esa misma aplicaci\u00f3n pasan a ser accesibles y disponibles para otros usuarios que tambi\u00e9n son miembros del mismo grupo, comunitario o similar. Este consentimiento podr\u00e1 ser revocado en cualquier momento a trav\u00e9s de los medios de contacto disponibles en este aviso, siempre que la revocaci\u00f3n tenga como consecuencia la exclusi\u00f3n del titular de dicho grupo de aplicaci\u00f3n.<\/p>\n\n\n\n<h2 class=\"wp-block-heading\">8. Transferencias internacionales<\/h2>\n\n\n\n<p>Utilizamos algunos productos o servicios (o partes de ellos) que est\u00e1n alojados fuera de Brasil, lo que significa que podemos transferir cualquier informaci\u00f3n que nos env\u00ede al extranjero. Esto sucede debido a la necesidad de almacenar datos personales en la nube, donde los servidores pueden estar ubicados en otros pa\u00edses.<\/p>\n\n\n\n<h2 class=\"wp-block-heading\">9. \u00bfCu\u00e1les son las consecuencias de no facilitar sus datos?<\/h2>\n\n\n\n<p>Usted no tiene la obligaci\u00f3n de proporcionarnos sus datos personales. No obstante, dado que estos datos son necesarios para la ejecuci\u00f3n del contrato que tiene con nosotros, para nuestra comunicaci\u00f3n o cualquier otra finalidad espec\u00edfica informada, no podremos realizar estas operaciones sin sus datos. En el mismo sentido en relaci\u00f3n con el ejercicio de sus derechos previstos en la LGPD. Es decir, si no proporciona los datos personales necesarios para confirmar su identidad, no podremos atender su solicitud.<\/p>\n\n\n\n<h2 class=\"wp-block-heading\">10. Derecho a presentar una denuncia ante la Autoridad Nacional<\/h2>\n\n\n\n<p>Solo trataremos sus datos personales de conformidad con este Aviso de Privacidad y de conformidad con la LGPD. Sin embargo, si desea presentar una queja sobre nuestras actividades de procesamiento en relaci\u00f3n con sus datos personales, tiene derecho a presentar una petici\u00f3n (consulte la secci\u00f3n \u00bfCu\u00e1les son sus derechos?) ante la Autoridad Nacional.<\/p>\n\n\n\n<h2 class=\"wp-block-heading\">11. Cambios a este Aviso de Privacidad<\/h2>\n\n\n\n<p>Este Aviso podr\u00e1 ser revisado en cualquier momento, con el objeto de mantenerlo actualizado en relaci\u00f3n con la legislaci\u00f3n aplicable y la propia organizaci\u00f3n de la empresa. Por ello, le recomendamos que consulte peri\u00f3dicamente este documento y compruebe la fecha de la \u00faltima actualizaci\u00f3n.<\/p>","protected":false},"excerpt":{"rendered":"<p>1. Prop\u00f3sito N\u00f3s, da Perface Academy Curso Ltda., valorizamos voc\u00ea e seus dados pessoais e mais medidas que isso, reconhecemos a import\u00e2ncia da sua privacidade. Nesse sentido, tomamos algumas seguindo a Lei Geral de Prote\u00e7\u00e3o de Dados Pessoais (LGPD) e, nesse documento, demonstramos como tratamos e protegemos os seus dados. Que voc\u00ea entenda o modo [&hellip;]<\/p>","protected":false},"author":1,"featured_media":0,"parent":0,"menu_order":0,"comment_status":"closed","ping_status":"closed","template":"","meta":{"_acf_changed":false,"footnotes":""},"class_list":["post-252","page","type-page","status-publish","hentry"],"acf":[],"yoast_head":"<!-- This site is optimized with the Yoast SEO plugin v27.4 - https:\/\/yoast.com\/product\/yoast-seo-wordpress\/ -->\n<title>Pol\u00edticas de Privacidade - Perface Academy<\/title>\n<meta name=\"robots\" content=\"index, follow, max-snippet:-1, max-image-preview:large, max-video-preview:-1\" \/>\n<link rel=\"canonical\" href=\"https:\/\/perfaceacademy.com\/es\/politicas-de-privacidade\/\" \/>\n<meta property=\"og:locale\" content=\"es_ES\" \/>\n<meta property=\"og:type\" content=\"article\" \/>\n<meta property=\"og:title\" content=\"Pol\u00edticas de Privacidade - Perface Academy\" \/>\n<meta property=\"og:description\" content=\"1. Prop\u00f3sito N\u00f3s, da Perface Academy Curso Ltda., valorizamos voc\u00ea e seus dados pessoais e mais medidas que isso, reconhecemos a import\u00e2ncia da sua privacidade. Nesse sentido, tomamos algumas seguindo a Lei Geral de Prote\u00e7\u00e3o de Dados Pessoais (LGPD) e, nesse documento, demonstramos como tratamos e protegemos os seus dados. Que voc\u00ea entenda o modo [&hellip;]\" \/>\n<meta property=\"og:url\" content=\"https:\/\/perfaceacademy.com\/es\/politicas-de-privacidade\/\" \/>\n<meta property=\"og:site_name\" content=\"Perface Academy\" \/>\n<meta property=\"article:modified_time\" content=\"2022-02-25T13:08:12+00:00\" \/>\n<meta name=\"twitter:card\" content=\"summary_large_image\" \/>\n<meta name=\"twitter:label1\" content=\"Tiempo de lectura\" \/>\n\t<meta name=\"twitter:data1\" content=\"6 minutos\" \/>\n<script type=\"application\/ld+json\" class=\"yoast-schema-graph\">{\"@context\":\"https:\\\/\\\/schema.org\",\"@graph\":[{\"@type\":\"WebPage\",\"@id\":\"https:\\\/\\\/perfaceacademy.com\\\/politicas-de-privacidade\\\/\",\"url\":\"https:\\\/\\\/perfaceacademy.com\\\/politicas-de-privacidade\\\/\",\"name\":\"Pol\u00edticas de Privacidade - Perface Academy\",\"isPartOf\":{\"@id\":\"https:\\\/\\\/perfaceacademy.com\\\/#website\"},\"datePublished\":\"2022-02-25T13:01:06+00:00\",\"dateModified\":\"2022-02-25T13:08:12+00:00\",\"breadcrumb\":{\"@id\":\"https:\\\/\\\/perfaceacademy.com\\\/politicas-de-privacidade\\\/#breadcrumb\"},\"inLanguage\":\"es\",\"potentialAction\":[{\"@type\":\"ReadAction\",\"target\":[\"https:\\\/\\\/perfaceacademy.com\\\/politicas-de-privacidade\\\/\"]}]},{\"@type\":\"BreadcrumbList\",\"@id\":\"https:\\\/\\\/perfaceacademy.com\\\/politicas-de-privacidade\\\/#breadcrumb\",\"itemListElement\":[{\"@type\":\"ListItem\",\"position\":1,\"name\":\"In\u00edcio\",\"item\":\"https:\\\/\\\/perfaceacademy.com\\\/\"},{\"@type\":\"ListItem\",\"position\":2,\"name\":\"Pol\u00edticas de Privacidade\"}]},{\"@type\":\"WebSite\",\"@id\":\"https:\\\/\\\/perfaceacademy.com\\\/#website\",\"url\":\"https:\\\/\\\/perfaceacademy.com\\\/\",\"name\":\"Perface Academy\",\"description\":\"\",\"publisher\":{\"@id\":\"https:\\\/\\\/perfaceacademy.com\\\/#organization\"},\"potentialAction\":[{\"@type\":\"SearchAction\",\"target\":{\"@type\":\"EntryPoint\",\"urlTemplate\":\"https:\\\/\\\/perfaceacademy.com\\\/?s={search_term_string}\"},\"query-input\":{\"@type\":\"PropertyValueSpecification\",\"valueRequired\":true,\"valueName\":\"search_term_string\"}}],\"inLanguage\":\"es\"},{\"@type\":\"Organization\",\"@id\":\"https:\\\/\\\/perfaceacademy.com\\\/#organization\",\"name\":\"Perface Academy\",\"url\":\"https:\\\/\\\/perfaceacademy.com\\\/\",\"logo\":{\"@type\":\"ImageObject\",\"inLanguage\":\"es\",\"@id\":\"https:\\\/\\\/perfaceacademy.com\\\/#\\\/schema\\\/logo\\\/image\\\/\",\"url\":\"https:\\\/\\\/perfaceacademy.com\\\/wp-content\\\/uploads\\\/2022\\\/02\\\/logo-perface.svg\",\"contentUrl\":\"https:\\\/\\\/perfaceacademy.com\\\/wp-content\\\/uploads\\\/2022\\\/02\\\/logo-perface.svg\",\"width\":280,\"height\":225,\"caption\":\"Perface Academy\"},\"image\":{\"@id\":\"https:\\\/\\\/perfaceacademy.com\\\/#\\\/schema\\\/logo\\\/image\\\/\"}}]}<\/script>\n<!-- \/ Yoast SEO plugin. -->","yoast_head_json":{"title":"Pol\u00edticas de Privacidade - Perface Academy","robots":{"index":"index","follow":"follow","max-snippet":"max-snippet:-1","max-image-preview":"max-image-preview:large","max-video-preview":"max-video-preview:-1"},"canonical":"https:\/\/perfaceacademy.com\/es\/politicas-de-privacidade\/","og_locale":"es_ES","og_type":"article","og_title":"Pol\u00edticas de Privacidade - Perface Academy","og_description":"1. Prop\u00f3sito N\u00f3s, da Perface Academy Curso Ltda., valorizamos voc\u00ea e seus dados pessoais e mais medidas que isso, reconhecemos a import\u00e2ncia da sua privacidade. Nesse sentido, tomamos algumas seguindo a Lei Geral de Prote\u00e7\u00e3o de Dados Pessoais (LGPD) e, nesse documento, demonstramos como tratamos e protegemos os seus dados. Que voc\u00ea entenda o modo [&hellip;]","og_url":"https:\/\/perfaceacademy.com\/es\/politicas-de-privacidade\/","og_site_name":"Perface Academy","article_modified_time":"2022-02-25T13:08:12+00:00","twitter_card":"summary_large_image","twitter_misc":{"Tiempo de lectura":"6 minutos"},"schema":{"@context":"https:\/\/schema.org","@graph":[{"@type":"WebPage","@id":"https:\/\/perfaceacademy.com\/politicas-de-privacidade\/","url":"https:\/\/perfaceacademy.com\/politicas-de-privacidade\/","name":"Pol\u00edticas de Privacidade - Perface Academy","isPartOf":{"@id":"https:\/\/perfaceacademy.com\/#website"},"datePublished":"2022-02-25T13:01:06+00:00","dateModified":"2022-02-25T13:08:12+00:00","breadcrumb":{"@id":"https:\/\/perfaceacademy.com\/politicas-de-privacidade\/#breadcrumb"},"inLanguage":"es","potentialAction":[{"@type":"ReadAction","target":["https:\/\/perfaceacademy.com\/politicas-de-privacidade\/"]}]},{"@type":"BreadcrumbList","@id":"https:\/\/perfaceacademy.com\/politicas-de-privacidade\/#breadcrumb","itemListElement":[{"@type":"ListItem","position":1,"name":"In\u00edcio","item":"https:\/\/perfaceacademy.com\/"},{"@type":"ListItem","position":2,"name":"Pol\u00edticas de Privacidade"}]},{"@type":"WebSite","@id":"https:\/\/perfaceacademy.com\/#website","url":"https:\/\/perfaceacademy.com\/","name":"Perface Academy","description":"","publisher":{"@id":"https:\/\/perfaceacademy.com\/#organization"},"potentialAction":[{"@type":"SearchAction","target":{"@type":"EntryPoint","urlTemplate":"https:\/\/perfaceacademy.com\/?s={search_term_string}"},"query-input":{"@type":"PropertyValueSpecification","valueRequired":true,"valueName":"search_term_string"}}],"inLanguage":"es"},{"@type":"Organization","@id":"https:\/\/perfaceacademy.com\/#organization","name":"Perface Academy","url":"https:\/\/perfaceacademy.com\/","logo":{"@type":"ImageObject","inLanguage":"es","@id":"https:\/\/perfaceacademy.com\/#\/schema\/logo\/image\/","url":"https:\/\/perfaceacademy.com\/wp-content\/uploads\/2022\/02\/logo-perface.svg","contentUrl":"https:\/\/perfaceacademy.com\/wp-content\/uploads\/2022\/02\/logo-perface.svg","width":280,"height":225,"caption":"Perface Academy"},"image":{"@id":"https:\/\/perfaceacademy.com\/#\/schema\/logo\/image\/"}}]}},"_links":{"self":[{"href":"https:\/\/perfaceacademy.com\/es\/wp-json\/wp\/v2\/pages\/252","targetHints":{"allow":["GET"]}}],"collection":[{"href":"https:\/\/perfaceacademy.com\/es\/wp-json\/wp\/v2\/pages"}],"about":[{"href":"https:\/\/perfaceacademy.com\/es\/wp-json\/wp\/v2\/types\/page"}],"author":[{"embeddable":true,"href":"https:\/\/perfaceacademy.com\/es\/wp-json\/wp\/v2\/users\/1"}],"replies":[{"embeddable":true,"href":"https:\/\/perfaceacademy.com\/es\/wp-json\/wp\/v2\/comments?post=252"}],"version-history":[{"count":0,"href":"https:\/\/perfaceacademy.com\/es\/wp-json\/wp\/v2\/pages\/252\/revisions"}],"wp:attachment":[{"href":"https:\/\/perfaceacademy.com\/es\/wp-json\/wp\/v2\/media?parent=252"}],"curies":[{"name":"wp","href":"https:\/\/api.w.org\/{rel}","templated":true}]}}