{"id":237,"date":"2022-02-25T09:39:23","date_gmt":"2022-02-25T12:39:23","guid":{"rendered":"https:\/\/perfaceacademy.com\/?page_id=237"},"modified":"2022-02-25T10:59:40","modified_gmt":"2022-02-25T13:59:40","slug":"cookies","status":"publish","type":"page","link":"https:\/\/perfaceacademy.com\/es\/cookies\/","title":{"rendered":"Pol\u00edtica de Cookies"},"content":{"rendered":"<p><strong>POL\u00cdTICA DE COOKIES, A SOLICITAR ACUERDO EN EL PRIMER ACCESO DEL USUARIO AL SITIO WEB DE LA EMPRESA, SI LAS RECOGI\u00d3 O AL MENOS DISPONIBILIZ\u00d3 EN LA PARTE INFERIOR PARA UN AMPLIO ACCESO<\/strong><\/p>\n\n\n\n<p>Aqu\u00ed encontrar\u00e1 informaci\u00f3n objetiva y clara sobre qu\u00e9 son las Cookies, qu\u00e9 Cookies utilizamos y qu\u00e9 papel juegan y c\u00f3mo configurarlas.<\/p>\n\n\n\n<h2 class=\"wp-block-heading\">1. \u00bfQU\u00c9 SON LAS COOKIES?<\/h2>\n\n\n\n<p>Las cookies son peque\u00f1os archivos de texto o piezas de informaci\u00f3n que se descargan en su computadora, tel\u00e9fono inteligente o cualquier otro dispositivo con acceso a Internet cuando visita nuestra aplicaci\u00f3n.<\/p>\n\n\n\n<p>Contienen informaci\u00f3n sobre su navegaci\u00f3n en nuestras p\u00e1ginas y conservan \u00fanicamente informaci\u00f3n relacionada con sus preferencias.<\/p>\n\n\n\n<p>As\u00ed, esta p\u00e1gina es capaz de almacenar y recuperar datos sobre sus h\u00e1bitos de navegaci\u00f3n, con el fin de mejorar la experiencia del usuario, por ejemplo. Es importante se\u00f1alar que no contienen informaci\u00f3n personal espec\u00edfica, como datos confidenciales o bancarios.<\/p>\n\n\n\n<p>Su navegador almacena cookies en su disco duro, pero ocupan un espacio de memoria m\u00ednimo, lo que no afecta el rendimiento de su computadora. La mayor parte de la informaci\u00f3n se borra justo despu\u00e9s de que se cierra la sesi\u00f3n, como ver\u00e1 en el siguiente tema.<\/p>\n\n\n\n<h2 class=\"wp-block-heading\">2. TIPOS DE COOKIES<\/h2>\n\n\n\n<p class=\"translation-block\">Las cookies, en cuanto a sus propietarios, pueden ser:\nCookies propias: son cookies establecidas por nosotros o por terceros en nuestro nombre<\/p>\n\n\n\n<p>Cookies de terceros: son cookies establecidas por terceros de confianza en nuestra aplicaci\u00f3n.<\/p>\n\n\n\n<p class=\"translation-block\">Las cookies, en cuanto a su duraci\u00f3n, pueden ser: Cookies de\nsesi\u00f3n o temporales: son cookies que caducan en cuanto cierras el navegador finalizando la sesi\u00f3n.<\/p>\n\n\n\n<p>Cookies persistentes o permanentes: son cookies que permanecen en su dispositivo durante un per\u00edodo determinado o hasta que las elimine.<\/p>\n\n\n\n<p>Las cookies, en cuanto a su finalidad, pueden ser:<\/p>\n\n\n\n<p>Cookies necesarias: son cookies esenciales que permiten la navegaci\u00f3n en nuestras aplicaciones y el acceso a todos los recursos; si lo hacen, nuestros servicios pueden funcionar mal o no funcionar en absoluto.<\/p>\n\n\n\n<p>Cookies de rendimiento: son cookies que optimizan el funcionamiento de nuestras aplicaciones, recopilando informaci\u00f3n an\u00f3nima sobre las p\u00e1ginas visitadas.<\/p>\n\n\n\n<p>Cookies de funcionalidad: son cookies que recuerdan sus preferencias y elecciones (como su nombre de usuario).<\/p>\n\n\n\n<p>Cookies publicitarias: son cookies que dirigen anuncios en funci\u00f3n de sus intereses y limitan el n\u00famero de veces que aparece el anuncio.<\/p>\n\n\n\n<h2 class=\"wp-block-heading\">3. \u00bfPOR QU\u00c9 UTILIZAMOS COOKIES?<\/h2>\n\n\n\n<p>Utilizamos cookies para proporcionar la mejor experiencia de usuario, haciendo que nuestras aplicaciones sean m\u00e1s sencillas y personalizadas, en funci\u00f3n de sus elecciones y comportamiento de navegaci\u00f3n.<\/p>\n\n\n\n<p>Por lo tanto, buscamos comprender c\u00f3mo usa nuestras aplicaciones y ajustar el contenido para que sea m\u00e1s relevante para usted, adem\u00e1s de recordar sus preferencias.<\/p>\n\n\n\n<p>Las cookies participan en este proceso ya que almacenan, leen y ejecutan los datos necesarios para cumplir con nuestro prop\u00f3sito.<\/p>\n\n\n\n<h2 class=\"wp-block-heading\">4. GESTI\u00d3N DE COOKIES<\/h2>\n\n\n\n<p>La instalaci\u00f3n de cookies est\u00e1 sujeta a su consentimiento. Aunque la mayor\u00eda de los navegadores est\u00e1n configurados inicialmente para aceptar cookies autom\u00e1ticamente, puede revisar sus permisos en cualquier momento para bloquearlos, aceptarlos o activar notificaciones cuando se env\u00edan algunas cookies a su dispositivo.<\/p>\n\n\n\n<p class=\"translation-block\">Actualmente, la primera vez que acceda a nuestras p\u00e1ginas, se requerir\u00e1 su acuerdo con su instalaci\u00f3n. Solo despu\u00e9s de su aceptaci\u00f3n se activar\u00e1n.\nPara ello, utilizamos un (banner informativo u otro mecanismo de alerta y solicitud de consentimiento) en la p\u00e1gina de inicio de (nombre comercial). De esta forma, no solo le solicitamos su conformidad, sino que le informamos que la navegaci\u00f3n continuada en nuestros sitios web se entender\u00e1 como consentimiento.<\/p>\n\n\n\n<p>Como ya se mencion\u00f3, puede, en cualquier momento y sin costo alguno, cambiar los permisos, bloquear o rechazar las Cookies. Tambi\u00e9n puede configurarlos caso por caso. No obstante, la revocaci\u00f3n del consentimiento para determinadas Cookies puede impedir el correcto funcionamiento de algunas funcionalidades de la plataforma.<\/p>\n\n\n\n<p>Para gestionar las cookies de su navegador, simplemente h\u00e1galo directamente en la configuraci\u00f3n del navegador, en el \u00e1rea de Gesti\u00f3n de cookies.<\/p>\n\n\n\n<h2 class=\"wp-block-heading\">5. DISPOSICIONES FINALES<\/h2>\n\n\n\n<p>Para nosotros, la privacidad y la confianza son fundamentales en nuestra relaci\u00f3n contigo. Siempre estamos actualiz\u00e1ndonos para mantener los m\u00e1s altos est\u00e1ndares de seguridad.<\/p>\n\n\n\n<p>Por ello, nos reservamos el derecho de modificar esta Pol\u00edtica de Cookies en cualquier momento. Los cambios entrar\u00e1n en vigencia poco despu\u00e9s de la publicaci\u00f3n y se le notificar\u00e1.<\/p>\n\n\n\n<p>Al continuar navegando por nuestras aplicaciones despu\u00e9s de que este cambio entre en vigencia, usted las acepta. Le recomendamos revisar siempre esta Pol\u00edtica as\u00ed como nuestro Aviso de Privacidad.<\/p>\n\n\n\n<p>Si tiene alguna duda acerca de esta Pol\u00edtica de Cookies, p\u00f3ngase en contacto con nosotros a trav\u00e9s del m\u00e9todo de contacto indicado en nuestro Aviso de Privacidad.<\/p>","protected":false},"excerpt":{"rendered":"<p>POL\u00cdTICA DE COOKIES, A SER SOLICITADA CONCORD\u00c2NCIA NO PRIMEIRO ACESSO DO USU\u00c1RIO \u00c0 P\u00c1GINA DA EMPRESA, SE OS COLETAR, OU NO M\u00cdNIMO DISPONIBILIZADA EM RODAP\u00c9 PARA ACESSO AMPLO Aqui, voc\u00ea encontrar\u00e1 informa\u00e7\u00f5es objetivas e claras sobre o que s\u00e3o Cookies, quais Cookies utilizamos e qual papel desempenham e como configur\u00e1-los. 1. O QUE S\u00c3O COOKIES? [&hellip;]<\/p>","protected":false},"author":1,"featured_media":0,"parent":0,"menu_order":0,"comment_status":"closed","ping_status":"closed","template":"","meta":{"_acf_changed":false,"footnotes":""},"class_list":["post-237","page","type-page","status-publish","hentry"],"acf":[],"yoast_head":"<!-- This site is optimized with the Yoast SEO plugin v27.4 - https:\/\/yoast.com\/product\/yoast-seo-wordpress\/ -->\n<title>Pol\u00edtica de Cookies - Perface Academy<\/title>\n<meta name=\"robots\" content=\"index, follow, max-snippet:-1, max-image-preview:large, max-video-preview:-1\" \/>\n<link rel=\"canonical\" href=\"https:\/\/perfaceacademy.com\/es\/cookies\/\" \/>\n<meta property=\"og:locale\" content=\"es_ES\" \/>\n<meta property=\"og:type\" content=\"article\" \/>\n<meta property=\"og:title\" content=\"Pol\u00edtica de Cookies - Perface Academy\" \/>\n<meta property=\"og:description\" content=\"POL\u00cdTICA DE COOKIES, A SER SOLICITADA CONCORD\u00c2NCIA NO PRIMEIRO ACESSO DO USU\u00c1RIO \u00c0 P\u00c1GINA DA EMPRESA, SE OS COLETAR, OU NO M\u00cdNIMO DISPONIBILIZADA EM RODAP\u00c9 PARA ACESSO AMPLO Aqui, voc\u00ea encontrar\u00e1 informa\u00e7\u00f5es objetivas e claras sobre o que s\u00e3o Cookies, quais Cookies utilizamos e qual papel desempenham e como configur\u00e1-los. 1. O QUE S\u00c3O COOKIES? [&hellip;]\" \/>\n<meta property=\"og:url\" content=\"https:\/\/perfaceacademy.com\/es\/cookies\/\" \/>\n<meta property=\"og:site_name\" content=\"Perface Academy\" \/>\n<meta property=\"article:modified_time\" content=\"2022-02-25T13:59:40+00:00\" \/>\n<meta name=\"twitter:card\" content=\"summary_large_image\" \/>\n<meta name=\"twitter:label1\" content=\"Tiempo de lectura\" \/>\n\t<meta name=\"twitter:data1\" content=\"5 minutos\" \/>\n<script type=\"application\/ld+json\" class=\"yoast-schema-graph\">{\"@context\":\"https:\\\/\\\/schema.org\",\"@graph\":[{\"@type\":\"WebPage\",\"@id\":\"https:\\\/\\\/perfaceacademy.com\\\/cookies\\\/\",\"url\":\"https:\\\/\\\/perfaceacademy.com\\\/cookies\\\/\",\"name\":\"Pol\u00edtica de Cookies - Perface Academy\",\"isPartOf\":{\"@id\":\"https:\\\/\\\/perfaceacademy.com\\\/#website\"},\"datePublished\":\"2022-02-25T12:39:23+00:00\",\"dateModified\":\"2022-02-25T13:59:40+00:00\",\"breadcrumb\":{\"@id\":\"https:\\\/\\\/perfaceacademy.com\\\/cookies\\\/#breadcrumb\"},\"inLanguage\":\"es\",\"potentialAction\":[{\"@type\":\"ReadAction\",\"target\":[\"https:\\\/\\\/perfaceacademy.com\\\/cookies\\\/\"]}]},{\"@type\":\"BreadcrumbList\",\"@id\":\"https:\\\/\\\/perfaceacademy.com\\\/cookies\\\/#breadcrumb\",\"itemListElement\":[{\"@type\":\"ListItem\",\"position\":1,\"name\":\"In\u00edcio\",\"item\":\"https:\\\/\\\/perfaceacademy.com\\\/\"},{\"@type\":\"ListItem\",\"position\":2,\"name\":\"Pol\u00edtica de Cookies\"}]},{\"@type\":\"WebSite\",\"@id\":\"https:\\\/\\\/perfaceacademy.com\\\/#website\",\"url\":\"https:\\\/\\\/perfaceacademy.com\\\/\",\"name\":\"Perface Academy\",\"description\":\"\",\"publisher\":{\"@id\":\"https:\\\/\\\/perfaceacademy.com\\\/#organization\"},\"potentialAction\":[{\"@type\":\"SearchAction\",\"target\":{\"@type\":\"EntryPoint\",\"urlTemplate\":\"https:\\\/\\\/perfaceacademy.com\\\/?s={search_term_string}\"},\"query-input\":{\"@type\":\"PropertyValueSpecification\",\"valueRequired\":true,\"valueName\":\"search_term_string\"}}],\"inLanguage\":\"es\"},{\"@type\":\"Organization\",\"@id\":\"https:\\\/\\\/perfaceacademy.com\\\/#organization\",\"name\":\"Perface Academy\",\"url\":\"https:\\\/\\\/perfaceacademy.com\\\/\",\"logo\":{\"@type\":\"ImageObject\",\"inLanguage\":\"es\",\"@id\":\"https:\\\/\\\/perfaceacademy.com\\\/#\\\/schema\\\/logo\\\/image\\\/\",\"url\":\"https:\\\/\\\/perfaceacademy.com\\\/wp-content\\\/uploads\\\/2022\\\/02\\\/logo-perface.svg\",\"contentUrl\":\"https:\\\/\\\/perfaceacademy.com\\\/wp-content\\\/uploads\\\/2022\\\/02\\\/logo-perface.svg\",\"width\":280,\"height\":225,\"caption\":\"Perface Academy\"},\"image\":{\"@id\":\"https:\\\/\\\/perfaceacademy.com\\\/#\\\/schema\\\/logo\\\/image\\\/\"}}]}<\/script>\n<!-- \/ Yoast SEO plugin. -->","yoast_head_json":{"title":"Pol\u00edtica de Cookies - Perface Academy","robots":{"index":"index","follow":"follow","max-snippet":"max-snippet:-1","max-image-preview":"max-image-preview:large","max-video-preview":"max-video-preview:-1"},"canonical":"https:\/\/perfaceacademy.com\/es\/cookies\/","og_locale":"es_ES","og_type":"article","og_title":"Pol\u00edtica de Cookies - Perface Academy","og_description":"POL\u00cdTICA DE COOKIES, A SER SOLICITADA CONCORD\u00c2NCIA NO PRIMEIRO ACESSO DO USU\u00c1RIO \u00c0 P\u00c1GINA DA EMPRESA, SE OS COLETAR, OU NO M\u00cdNIMO DISPONIBILIZADA EM RODAP\u00c9 PARA ACESSO AMPLO Aqui, voc\u00ea encontrar\u00e1 informa\u00e7\u00f5es objetivas e claras sobre o que s\u00e3o Cookies, quais Cookies utilizamos e qual papel desempenham e como configur\u00e1-los. 1. O QUE S\u00c3O COOKIES? [&hellip;]","og_url":"https:\/\/perfaceacademy.com\/es\/cookies\/","og_site_name":"Perface Academy","article_modified_time":"2022-02-25T13:59:40+00:00","twitter_card":"summary_large_image","twitter_misc":{"Tiempo de lectura":"5 minutos"},"schema":{"@context":"https:\/\/schema.org","@graph":[{"@type":"WebPage","@id":"https:\/\/perfaceacademy.com\/cookies\/","url":"https:\/\/perfaceacademy.com\/cookies\/","name":"Pol\u00edtica de Cookies - Perface Academy","isPartOf":{"@id":"https:\/\/perfaceacademy.com\/#website"},"datePublished":"2022-02-25T12:39:23+00:00","dateModified":"2022-02-25T13:59:40+00:00","breadcrumb":{"@id":"https:\/\/perfaceacademy.com\/cookies\/#breadcrumb"},"inLanguage":"es","potentialAction":[{"@type":"ReadAction","target":["https:\/\/perfaceacademy.com\/cookies\/"]}]},{"@type":"BreadcrumbList","@id":"https:\/\/perfaceacademy.com\/cookies\/#breadcrumb","itemListElement":[{"@type":"ListItem","position":1,"name":"In\u00edcio","item":"https:\/\/perfaceacademy.com\/"},{"@type":"ListItem","position":2,"name":"Pol\u00edtica de Cookies"}]},{"@type":"WebSite","@id":"https:\/\/perfaceacademy.com\/#website","url":"https:\/\/perfaceacademy.com\/","name":"Perface Academy","description":"","publisher":{"@id":"https:\/\/perfaceacademy.com\/#organization"},"potentialAction":[{"@type":"SearchAction","target":{"@type":"EntryPoint","urlTemplate":"https:\/\/perfaceacademy.com\/?s={search_term_string}"},"query-input":{"@type":"PropertyValueSpecification","valueRequired":true,"valueName":"search_term_string"}}],"inLanguage":"es"},{"@type":"Organization","@id":"https:\/\/perfaceacademy.com\/#organization","name":"Perface Academy","url":"https:\/\/perfaceacademy.com\/","logo":{"@type":"ImageObject","inLanguage":"es","@id":"https:\/\/perfaceacademy.com\/#\/schema\/logo\/image\/","url":"https:\/\/perfaceacademy.com\/wp-content\/uploads\/2022\/02\/logo-perface.svg","contentUrl":"https:\/\/perfaceacademy.com\/wp-content\/uploads\/2022\/02\/logo-perface.svg","width":280,"height":225,"caption":"Perface Academy"},"image":{"@id":"https:\/\/perfaceacademy.com\/#\/schema\/logo\/image\/"}}]}},"_links":{"self":[{"href":"https:\/\/perfaceacademy.com\/es\/wp-json\/wp\/v2\/pages\/237","targetHints":{"allow":["GET"]}}],"collection":[{"href":"https:\/\/perfaceacademy.com\/es\/wp-json\/wp\/v2\/pages"}],"about":[{"href":"https:\/\/perfaceacademy.com\/es\/wp-json\/wp\/v2\/types\/page"}],"author":[{"embeddable":true,"href":"https:\/\/perfaceacademy.com\/es\/wp-json\/wp\/v2\/users\/1"}],"replies":[{"embeddable":true,"href":"https:\/\/perfaceacademy.com\/es\/wp-json\/wp\/v2\/comments?post=237"}],"version-history":[{"count":0,"href":"https:\/\/perfaceacademy.com\/es\/wp-json\/wp\/v2\/pages\/237\/revisions"}],"wp:attachment":[{"href":"https:\/\/perfaceacademy.com\/es\/wp-json\/wp\/v2\/media?parent=237"}],"curies":[{"name":"wp","href":"https:\/\/api.w.org\/{rel}","templated":true}]}}